{"id":5,"date":"2020-01-13T11:17:52","date_gmt":"2020-01-13T11:17:52","guid":{"rendered":"https:\/\/demosites.io\/web-agency-gb\/?page_id=5"},"modified":"2022-03-21T17:35:42","modified_gmt":"2022-03-21T16:35:42","slug":"home","status":"publish","type":"page","link":"https:\/\/www.freelance-marketeer.de\/en\/","title":{"rendered":"Home"},"content":{"rendered":"<div data-elementor-type=\"wp-page\" data-elementor-id=\"5\" class=\"elementor elementor-5\">\n\t\t\t\t<\/p>\n<p><\/p>\n<div class=\"wp-block-column is-layout-flow wp-block-column-is-layout-flow\">\n<p><\/p>\n<div class=\"wp-block-image icon-style is-style-rounded\">\n<figure class=\"aligncenter size-full\"><a href=\"\/en\/igt\/\"><img decoding=\"async\" width=\"72\" height=\"72\" class=\"wp-image-388\" src=\"http:\/\/freelance-marketeer.de\/wp-content\/uploads\/2021\/09\/technical-support-e1632832631494.png\" alt=\"\" \/><\/a><\/figure>\n<\/div>\n<p><\/p>\n<p><\/p>\n<h3 class=\"has-text-align-center has-neve-text-color-color has-text-color wp-block-heading\"><a href=\"\/en\/igt\/\">Ingenious Technologies \u00a0(IGT)<\/a><\/h3>\n<p><\/p>\n<p><\/p>\n<p>As a freelancer for Ingenious Technologies, I provide support for the cross-channel tracking solution or handle initial setup and employee training.<span class=\"Apple-converted-space\">\u00a0<\/span><\/p>\n<\/div>\n<\/div>\n<p><\/p>\t\t\t\t\t\t\t\t<\/div>\n\t\t\t\t<\/div>\n\t\t\t\t\t<\/div>\n\t\t<\/div>\n\t\t\t\t\t<\/div>\n\t\t<\/section>\n\t\t<\/p>\n<p><\/p>\n<div class=\"wp-block-columns is-layout-flex wp-container-core-columns-is-layout-9d6595d7 wp-block-columns-is-layout-flex\">\n<p><\/p>\n<div class=\"wp-block-column is-layout-flow wp-block-column-is-layout-flow\" style=\"text-align: left;\">\n<p><\/p>\n<div class=\"wp-block-image icon-style is-style-rounded\">\n<figure class=\"aligncenter size-full\"><a href=\"\/en\/affiliate\/\"><img decoding=\"async\" width=\"72\" height=\"72\" class=\"wp-image-386\" title=\"\" src=\"http:\/\/freelance-marketeer.de\/wp-content\/uploads\/2021\/09\/technology-e1632832504822.png\" alt=\"\" \/><\/a><\/figure>\n<\/div>\n<p><\/p>\n<p><\/p>\n<h3 class=\"has-text-align-center has-neve-text-color-color has-text-color wp-block-heading\"><a href=\"\/en\/affiliate\/\">Affiliate Marketing<\/a><\/h3>\n<p>As an online marketing freelancer I am available to advertisers, agencies, networks and publishers as a team supporting professional for international affiliate marketing.<span class=\"Apple-converted-space\">\u00a0<\/span><\/p>\n<p><\/p>\n<p><\/p>\n<p><\/p>\n<p><\/p>\n<p><\/p>\n<\/div>\n<p><\/p>\n<p><!-- wp:column --><\/p>\n<div class=\"wp-block-column\">\n<p><!-- wp:image {\"align\":\"center\",\"id\":388,\"sizeSlug\":\"full\",\"linkDestination\":\"custom\",\"className\":\"icon-style is-style-rounded\"} --><\/p>\n<div class=\"wp-block-image icon-style is-style-rounded\">\n<figure class=\"aligncenter size-full\"><a href=\"\/en\/igt\/\"><img decoding=\"async\" width=\"72\" height=\"72\" class=\"wp-image-388\" src=\"http:\/\/freelance-marketeer.de\/wp-content\/uploads\/2021\/09\/technical-support-e1632832631494.png\" alt=\"\" \/><\/a><\/figure>\n<\/div>\n<p><!-- \/wp:image --><\/p>\n<p><!-- wp:heading {\"level\":3,\"textColor\":\"neve-text-color\",\"className\":\"has-text-align-center\"} --><\/p>\n<h3 class=\"has-text-align-center has-neve-text-color-color has-text-color\"><a href=\"\/en\/igt\/\">Ingenious Technologies \u00a0(IGT)<\/a><\/h3>\n<p><!-- \/wp:heading --><\/p>\n<p><!-- wp:paragraph {\"align\":\"center\"} --><\/p>\n<p>As a freelancer for Ingenious Technologies, I provide support for the cross-channel tracking solution or handle initial setup and employee training.<span class=\"Apple-converted-space\">\u00a0<\/span><\/p>\n<\/div>\n<\/div>\n<p><!-- \/wp:columns --><\/p>\t\t\t\t\t\t\t\t<\/div>\n\t\t\t\t<\/div>\n\t\t\t\t\t<\/div>\n\t\t<\/div>\n\t\t\t\t\t<\/div>\n\t\t<\/section>\n\t\t<\/p>\n<p><\/p>\n<h3 class=\"has-text-align-center has-text-color\" style=\"color: #121212;\">Global Affiliate Marketing<\/h3>\n<p><\/p>\n<div class=\"wp-block-button is-style-primary\" style=\"text-align: center;\"><a class=\"wp-block-button__link\" href=\"\/en\/ueber-mich\/\">About me<\/a><\/div>\n<\/div>\n<\/div>\n<p><\/p>\n<p><!-- wp:columns --><\/p>\n<div class=\"wp-block-columns\">\n<p><!-- wp:column --><\/p>\n<div class=\"wp-block-column\" style=\"text-align: left;\">\n<p><!-- wp:image {\"align\":\"center\",\"id\":386,\"sizeSlug\":\"full\",\"linkDestination\":\"custom\",\"className\":\"icon-style is-style-rounded\"} --><\/p>\n<div class=\"wp-block-image icon-style is-style-rounded\">\n<figure class=\"aligncenter size-full\"><a href=\"\/en\/affiliate\/\"><img decoding=\"async\" width=\"72\" height=\"72\" class=\"wp-image-386\" title=\"\" src=\"http:\/\/freelance-marketeer.de\/wp-content\/uploads\/2021\/09\/technology-e1632832504822.png\" alt=\"\" \/><\/a><\/figure>\n<\/div>\n<p><!-- \/wp:image --><\/p>\n<p><!-- wp:heading {\"level\":3,\"textColor\":\"neve-text-color\",\"className\":\"has-text-align-center\"} --><\/p>\n<h3 class=\"has-text-align-center has-neve-text-color-color has-text-color\"><a href=\"\/en\/affiliate\/\">Affiliate Marketing<\/a><\/h3>\n<p>As an online marketing freelancer I am available to advertisers, agencies, networks and publishers as a team supporting professional for international affiliate marketing.<span class=\"Apple-converted-space\">\u00a0<\/span><\/p>\n<p><!-- \/wp:heading --><\/p>\n<p><!-- wp:paragraph {\"align\":\"center\"} --><\/p>\n<p><!-- \/wp:paragraph --><\/p>\n<p><!-- wp:spacer {\"height\":20} --><\/p>\n<p><!-- \/wp:spacer --><\/p>\n<\/div>\n<p><!-- \/wp:column --><\/p>\n<p><!-- wp:column --><\/p>\n<div class=\"wp-block-column\">\n<p><!-- wp:image {\"align\":\"center\",\"id\":388,\"sizeSlug\":\"full\",\"linkDestination\":\"custom\",\"className\":\"icon-style is-style-rounded\"} --><\/p>\n<div class=\"wp-block-image icon-style is-style-rounded\">\n<figure class=\"aligncenter size-full\"><a href=\"\/en\/igt\/\"><img decoding=\"async\" width=\"72\" height=\"72\" class=\"wp-image-388\" src=\"http:\/\/freelance-marketeer.de\/wp-content\/uploads\/2021\/09\/technical-support-e1632832631494.png\" alt=\"\" \/><\/a><\/figure>\n<\/div>\n<p><!-- \/wp:image --><\/p>\n<p><!-- wp:heading {\"level\":3,\"textColor\":\"neve-text-color\",\"className\":\"has-text-align-center\"} --><\/p>\n<h3 class=\"has-text-align-center has-neve-text-color-color has-text-color\"><a href=\"\/en\/igt\/\">Ingenious Technologies \u00a0(IGT)<\/a><\/h3>\n<p><!-- \/wp:heading --><\/p>\n<p><!-- wp:paragraph {\"align\":\"center\"} --><\/p>\n<p>As a freelancer for Ingenious Technologies, I provide support for the cross-channel tracking solution or handle initial setup and employee training.<span class=\"Apple-converted-space\">\u00a0<\/span><\/p>\n<\/div>\n<\/div>\n<p><!-- \/wp:columns --><\/p>\t\t\t\t\t\t\t\t<\/div>\n\t\t\t\t<\/div>\n\t\t\t\t\t<\/div>\n\t\t<\/div>\n\t\t\t\t\t<\/div>\n\t\t<\/section>\n\t\t\t\t<section class=\"elementor-section elementor-top-section elementor-element elementor-element-30a0cae elementor-section-boxed elementor-section-height-default elementor-section-height-default\" data-id=\"30a0cae\" data-element_type=\"section\" data-e-type=\"section\">\n\t\t\t\t\t\t<div class=\"elementor-container elementor-column-gap-default\">\n\t\t\t\t\t<div class=\"elementor-column elementor-col-100 elementor-top-column elementor-element elementor-element-4631cc85\" data-id=\"4631cc85\" data-element_type=\"column\" data-e-type=\"column\">\n\t\t\t<div class=\"elementor-widget-wrap elementor-element-populated\">\n\t\t\t\t\t\t<div class=\"elementor-element elementor-element-38819b2a elementor-widget elementor-widget-text-editor\" data-id=\"38819b2a\" data-element_type=\"widget\" data-e-type=\"widget\" data-widget_type=\"text-editor.default\">\n\t\t\t\t<div class=\"elementor-widget-container\">\n\t\t\t\t\t\t\t\t\t<p><\/p>\n<div class=\"wp-block-cover alignfull\" style=\"min-height: 700px;aspect-ratio:unset;\">\n<p><img fetchpriority=\"high\" decoding=\"async\" width=\"1920\" height=\"1080\" class=\"wp-block-cover__image-background alignnone wp-image-383\" style=\"object-position: 50% 64%;\" src=\"http:\/\/freelance-marketeer.de\/wp-content\/uploads\/2021\/09\/grid-3227320_1920-1.jpeg\" alt=\"\" data-object-fit=\"cover\" data-object-position=\"50% 64%\" srcset=\"https:\/\/www.freelance-marketeer.de\/wp-content\/uploads\/2021\/09\/grid-3227320_1920-1.jpeg 1920w, https:\/\/www.freelance-marketeer.de\/wp-content\/uploads\/2021\/09\/grid-3227320_1920-1-300x169.jpeg 300w, https:\/\/www.freelance-marketeer.de\/wp-content\/uploads\/2021\/09\/grid-3227320_1920-1-1024x576.jpeg 1024w, https:\/\/www.freelance-marketeer.de\/wp-content\/uploads\/2021\/09\/grid-3227320_1920-1-768x432.jpeg 768w, https:\/\/www.freelance-marketeer.de\/wp-content\/uploads\/2021\/09\/grid-3227320_1920-1-1536x864.jpeg 1536w\" sizes=\"(max-width: 1920px) 100vw, 1920px\" \/><\/p>\n<div class=\"wp-block-cover__inner-container is-layout-flow wp-block-cover-is-layout-flow\">\n<p><\/p>\n<p><\/p>\n<p><\/p>\n<h1 class=\"has-text-align-center has-text-color wp-block-heading\" style=\"color: #121212;\">Online Marketing Freelancer\u00a0<\/h1>\n<p><\/p>\n<p><\/p>\n<h3 class=\"has-text-align-center has-text-color\" style=\"color: #121212;\">Ingenious Technologies Partner-Marketing-Platform<\/h3>\n<p><\/p>\n<p><!-- wp:paragraph {\"align\":\"center\",\"style\":{\"typography\":{\"fontSize\":17},\"color\":{\"text\":\"#121212\"}}} --><\/p>\n<h3 class=\"has-text-align-center has-text-color\" style=\"color: #121212;\">Global Affiliate Marketing<\/h3>\n<p><!-- wp:button {\"className\":\"is-style-primary\"} --><\/p>\n<div class=\"wp-block-button is-style-primary\" style=\"text-align: center;\"><a class=\"wp-block-button__link\" href=\"\/en\/ueber-mich\/\">About me<\/a><\/div>\n<\/div>\n<\/div>\n<p><!-- \/wp:spacer --><\/p>\n<p><!-- wp:columns --><\/p>\n<div class=\"wp-block-columns\">\n<p><!-- wp:column --><\/p>\n<div class=\"wp-block-column\" style=\"text-align: left;\">\n<p><!-- wp:image {\"align\":\"center\",\"id\":386,\"sizeSlug\":\"full\",\"linkDestination\":\"custom\",\"className\":\"icon-style is-style-rounded\"} --><\/p>\n<div class=\"wp-block-image icon-style is-style-rounded\">\n<figure class=\"aligncenter size-full\"><a href=\"\/en\/affiliate\/\"><img decoding=\"async\" width=\"72\" height=\"72\" class=\"wp-image-386\" title=\"\" src=\"http:\/\/freelance-marketeer.de\/wp-content\/uploads\/2021\/09\/technology-e1632832504822.png\" alt=\"\" \/><\/a><\/figure>\n<\/div>\n<p><!-- \/wp:image --><\/p>\n<p><!-- wp:heading {\"level\":3,\"textColor\":\"neve-text-color\",\"className\":\"has-text-align-center\"} --><\/p>\n<h3 class=\"has-text-align-center has-neve-text-color-color has-text-color\"><a href=\"\/en\/affiliate\/\">Affiliate Marketing<\/a><\/h3>\n<p>As an online marketing freelancer I am available to advertisers, agencies, networks and publishers as a team supporting professional for international affiliate marketing.<span class=\"Apple-converted-space\">\u00a0<\/span><\/p>\n<p><!-- \/wp:heading --><\/p>\n<p><!-- wp:paragraph {\"align\":\"center\"} --><\/p>\n<p><!-- \/wp:paragraph --><\/p>\n<p><!-- wp:spacer {\"height\":20} --><\/p>\n<p><!-- \/wp:spacer --><\/p>\n<\/div>\n<p><!-- \/wp:column --><\/p>\n<p><!-- wp:column --><\/p>\n<div class=\"wp-block-column\">\n<p><!-- wp:image {\"align\":\"center\",\"id\":388,\"sizeSlug\":\"full\",\"linkDestination\":\"custom\",\"className\":\"icon-style is-style-rounded\"} --><\/p>\n<div class=\"wp-block-image icon-style is-style-rounded\">\n<figure class=\"aligncenter size-full\"><a href=\"\/en\/igt\/\"><img decoding=\"async\" width=\"72\" height=\"72\" class=\"wp-image-388\" src=\"http:\/\/freelance-marketeer.de\/wp-content\/uploads\/2021\/09\/technical-support-e1632832631494.png\" alt=\"\" \/><\/a><\/figure>\n<\/div>\n<p><!-- \/wp:image --><\/p>\n<p><!-- wp:heading {\"level\":3,\"textColor\":\"neve-text-color\",\"className\":\"has-text-align-center\"} --><\/p>\n<h3 class=\"has-text-align-center has-neve-text-color-color has-text-color\"><a href=\"\/en\/igt\/\">Ingenious Technologies \u00a0(IGT)<\/a><\/h3>\n<p><!-- \/wp:heading --><\/p>\n<p><!-- wp:paragraph {\"align\":\"center\"} --><\/p>\n<p>As a freelancer for Ingenious Technologies, I provide support for the cross-channel tracking solution or handle initial setup and employee training.<span class=\"Apple-converted-space\">\u00a0<\/span><\/p>\n<\/div>\n<\/div>\n<p><!-- \/wp:columns --><\/p>\t\t\t\t\t\t\t\t<\/div>\n\t\t\t\t<\/div>\n\t\t\t\t\t<\/div>\n\t\t<\/div>\n\t\t\t\t\t<\/div>\n\t\t<\/section>\n\t\t\t\t<\/div>","protected":false},"excerpt":{"rendered":"<p>Ingenious Technologies \u00a0(IGT) Als Freelancer f\u00fcr Ingenious Technologies \u00fcbernehme ich die Betreuung der kanal\u00fcbergreifenden Tracking L\u00f6sung oder k\u00fcmmere mich um die Einrichtung und Schulung der Mitarbeiter.\u00a0 Affiliate Marketing Als Online Marketing Freelancer stehe ich Advertisern, Agenturen, Netzwerken und Publishern als teamunterst\u00fctzende Fachkraft f\u00fcr internationales Affiliate Marketing zur Verf\u00fcgung.\u00a0<\/p>","protected":false},"author":1,"featured_media":0,"parent":0,"menu_order":0,"comment_status":"closed","ping_status":"closed","template":"","meta":{"neve_meta_sidebar":"default","neve_meta_container":"default","neve_meta_enable_content_width":"on","neve_meta_content_width":100,"neve_meta_title_alignment":"","neve_meta_author_avatar":"","neve_post_elements_order":"","neve_meta_disable_header":"","neve_meta_disable_footer":"","neve_meta_disable_title":"on","_themeisle_gutenberg_block_has_review":false,"footnotes":""},"class_list":["post-5","page","type-page","status-publish","hentry"],"yoast_head":"<!-- This site is optimized with the Yoast SEO plugin v27.3 - https:\/\/yoast.com\/product\/yoast-seo-wordpress\/ -->\n<title>Home - Online Marketing Freelancer<\/title>\n<meta name=\"description\" content=\"Online Marketing Freelancer f\u00fcr internationales Affiliate Marketing und der kanal\u00fcbergreifenden Tracking L\u00f6sung von Ingenious Technologies.\" \/>\n<meta name=\"robots\" content=\"noindex, follow, max-snippet:-1, max-image-preview:large, max-video-preview:-1\" \/>\n<meta property=\"og:locale\" content=\"en_GB\" \/>\n<meta property=\"og:type\" content=\"article\" \/>\n<meta property=\"og:title\" content=\"Home - Online Marketing Freelancer\" \/>\n<meta property=\"og:description\" content=\"Online Marketing Freelancer f\u00fcr internationales Affiliate Marketing und der kanal\u00fcbergreifenden Tracking L\u00f6sung von Ingenious Technologies.\" \/>\n<meta property=\"og:url\" content=\"https:\/\/www.freelance-marketeer.de\/en\/\" \/>\n<meta property=\"og:site_name\" content=\"freelance marketeer\" \/>\n<meta property=\"article:modified_time\" content=\"2022-03-21T16:35:42+00:00\" \/>\n<meta property=\"og:image\" content=\"http:\/\/freelance-marketeer.de\/wp-content\/uploads\/2021\/09\/technical-support-e1632832631494.png\" \/>\n<meta name=\"twitter:card\" content=\"summary_large_image\" \/>\n<meta name=\"twitter:label1\" content=\"Estimated reading time\" \/>\n\t<meta name=\"twitter:data1\" content=\"1 minute\" \/>\n<script type=\"application\/ld+json\" class=\"yoast-schema-graph\">{\"@context\":\"https:\\\/\\\/schema.org\",\"@graph\":[{\"@type\":\"WebPage\",\"@id\":\"https:\\\/\\\/www.freelance-marketeer.de\\\/\",\"url\":\"https:\\\/\\\/www.freelance-marketeer.de\\\/\",\"name\":\"Home - Online Marketing Freelancer\",\"isPartOf\":{\"@id\":\"https:\\\/\\\/www.freelance-marketeer.de\\\/#website\"},\"primaryImageOfPage\":{\"@id\":\"https:\\\/\\\/www.freelance-marketeer.de\\\/#primaryimage\"},\"image\":{\"@id\":\"https:\\\/\\\/www.freelance-marketeer.de\\\/#primaryimage\"},\"thumbnailUrl\":\"http:\\\/\\\/freelance-marketeer.de\\\/wp-content\\\/uploads\\\/2021\\\/09\\\/technical-support-e1632832631494.png\",\"datePublished\":\"2020-01-13T11:17:52+00:00\",\"dateModified\":\"2022-03-21T16:35:42+00:00\",\"description\":\"Online Marketing Freelancer f\u00fcr internationales Affiliate Marketing und der kanal\u00fcbergreifenden Tracking L\u00f6sung von Ingenious Technologies.\",\"breadcrumb\":{\"@id\":\"https:\\\/\\\/www.freelance-marketeer.de\\\/#breadcrumb\"},\"inLanguage\":\"en-GB\",\"potentialAction\":[{\"@type\":\"ReadAction\",\"target\":[\"https:\\\/\\\/www.freelance-marketeer.de\\\/\"]}]},{\"@type\":\"ImageObject\",\"inLanguage\":\"en-GB\",\"@id\":\"https:\\\/\\\/www.freelance-marketeer.de\\\/#primaryimage\",\"url\":\"http:\\\/\\\/freelance-marketeer.de\\\/wp-content\\\/uploads\\\/2021\\\/09\\\/technical-support-e1632832631494.png\",\"contentUrl\":\"http:\\\/\\\/freelance-marketeer.de\\\/wp-content\\\/uploads\\\/2021\\\/09\\\/technical-support-e1632832631494.png\"},{\"@type\":\"BreadcrumbList\",\"@id\":\"https:\\\/\\\/www.freelance-marketeer.de\\\/#breadcrumb\",\"itemListElement\":[{\"@type\":\"ListItem\",\"position\":1,\"name\":\"Startseite\",\"item\":\"https:\\\/\\\/www.freelance-marketeer.de\\\/\"},{\"@type\":\"ListItem\",\"position\":2,\"name\":\"Home\"}]},{\"@type\":\"WebSite\",\"@id\":\"https:\\\/\\\/www.freelance-marketeer.de\\\/#website\",\"url\":\"https:\\\/\\\/www.freelance-marketeer.de\\\/\",\"name\":\"freelance marketeer\",\"description\":\"\",\"potentialAction\":[{\"@type\":\"SearchAction\",\"target\":{\"@type\":\"EntryPoint\",\"urlTemplate\":\"https:\\\/\\\/www.freelance-marketeer.de\\\/?s={search_term_string}\"},\"query-input\":{\"@type\":\"PropertyValueSpecification\",\"valueRequired\":true,\"valueName\":\"search_term_string\"}}],\"inLanguage\":\"en-GB\"}]}<\/script>\n<!-- \/ Yoast SEO plugin. -->","yoast_head_json":{"title":"Home - Online Marketing Freelancer","description":"Online Marketing Freelancer f\u00fcr internationales Affiliate Marketing und der kanal\u00fcbergreifenden Tracking L\u00f6sung von Ingenious Technologies.","robots":{"index":"noindex","follow":"follow","max-snippet":"max-snippet:-1","max-image-preview":"max-image-preview:large","max-video-preview":"max-video-preview:-1"},"og_locale":"en_GB","og_type":"article","og_title":"Home - Online Marketing Freelancer","og_description":"Online Marketing Freelancer f\u00fcr internationales Affiliate Marketing und der kanal\u00fcbergreifenden Tracking L\u00f6sung von Ingenious Technologies.","og_url":"https:\/\/www.freelance-marketeer.de\/en\/","og_site_name":"freelance marketeer","article_modified_time":"2022-03-21T16:35:42+00:00","og_image":[{"url":"http:\/\/freelance-marketeer.de\/wp-content\/uploads\/2021\/09\/technical-support-e1632832631494.png","type":"","width":"","height":""}],"twitter_card":"summary_large_image","twitter_misc":{"Estimated reading time":"1 minute"},"schema":{"@context":"https:\/\/schema.org","@graph":[{"@type":"WebPage","@id":"https:\/\/www.freelance-marketeer.de\/","url":"https:\/\/www.freelance-marketeer.de\/","name":"Home - Online Marketing Freelancer","isPartOf":{"@id":"https:\/\/www.freelance-marketeer.de\/#website"},"primaryImageOfPage":{"@id":"https:\/\/www.freelance-marketeer.de\/#primaryimage"},"image":{"@id":"https:\/\/www.freelance-marketeer.de\/#primaryimage"},"thumbnailUrl":"http:\/\/freelance-marketeer.de\/wp-content\/uploads\/2021\/09\/technical-support-e1632832631494.png","datePublished":"2020-01-13T11:17:52+00:00","dateModified":"2022-03-21T16:35:42+00:00","description":"Online Marketing Freelancer f\u00fcr internationales Affiliate Marketing und der kanal\u00fcbergreifenden Tracking L\u00f6sung von Ingenious Technologies.","breadcrumb":{"@id":"https:\/\/www.freelance-marketeer.de\/#breadcrumb"},"inLanguage":"en-GB","potentialAction":[{"@type":"ReadAction","target":["https:\/\/www.freelance-marketeer.de\/"]}]},{"@type":"ImageObject","inLanguage":"en-GB","@id":"https:\/\/www.freelance-marketeer.de\/#primaryimage","url":"http:\/\/freelance-marketeer.de\/wp-content\/uploads\/2021\/09\/technical-support-e1632832631494.png","contentUrl":"http:\/\/freelance-marketeer.de\/wp-content\/uploads\/2021\/09\/technical-support-e1632832631494.png"},{"@type":"BreadcrumbList","@id":"https:\/\/www.freelance-marketeer.de\/#breadcrumb","itemListElement":[{"@type":"ListItem","position":1,"name":"Startseite","item":"https:\/\/www.freelance-marketeer.de\/"},{"@type":"ListItem","position":2,"name":"Home"}]},{"@type":"WebSite","@id":"https:\/\/www.freelance-marketeer.de\/#website","url":"https:\/\/www.freelance-marketeer.de\/","name":"freelance marketeer","description":"","potentialAction":[{"@type":"SearchAction","target":{"@type":"EntryPoint","urlTemplate":"https:\/\/www.freelance-marketeer.de\/?s={search_term_string}"},"query-input":{"@type":"PropertyValueSpecification","valueRequired":true,"valueName":"search_term_string"}}],"inLanguage":"en-GB"}]}},"_links":{"self":[{"href":"https:\/\/www.freelance-marketeer.de\/en\/wp-json\/wp\/v2\/pages\/5","targetHints":{"allow":["GET"]}}],"collection":[{"href":"https:\/\/www.freelance-marketeer.de\/en\/wp-json\/wp\/v2\/pages"}],"about":[{"href":"https:\/\/www.freelance-marketeer.de\/en\/wp-json\/wp\/v2\/types\/page"}],"author":[{"embeddable":true,"href":"https:\/\/www.freelance-marketeer.de\/en\/wp-json\/wp\/v2\/users\/1"}],"replies":[{"embeddable":true,"href":"https:\/\/www.freelance-marketeer.de\/en\/wp-json\/wp\/v2\/comments?post=5"}],"version-history":[{"count":101,"href":"https:\/\/www.freelance-marketeer.de\/en\/wp-json\/wp\/v2\/pages\/5\/revisions"}],"predecessor-version":[{"id":1581,"href":"https:\/\/www.freelance-marketeer.de\/en\/wp-json\/wp\/v2\/pages\/5\/revisions\/1581"}],"wp:attachment":[{"href":"https:\/\/www.freelance-marketeer.de\/en\/wp-json\/wp\/v2\/media?parent=5"}],"curies":[{"name":"wp","href":"https:\/\/api.w.org\/{rel}","templated":true}]}}