{"id":331,"date":"2021-09-24T13:04:31","date_gmt":"2021-09-24T13:04:31","guid":{"rendered":"http:\/\/freelance-marketeer.de\/?page_id=331"},"modified":"2022-03-23T18:00:35","modified_gmt":"2022-03-23T17:00:35","slug":"kontakt-online-marketing-freelancer","status":"publish","type":"page","link":"https:\/\/www.freelance-marketeer.de\/en\/kontakt-online-marketing-freelancer","title":{"rendered":"Contact"},"content":{"rendered":"\t\t<div data-elementor-type=\"wp-page\" data-elementor-id=\"331\" class=\"elementor elementor-331\">\n\t\t\t\t\t\t<section class=\"elementor-section elementor-top-section elementor-element elementor-element-23df8a5 elementor-section-boxed elementor-section-height-default elementor-section-height-default\" data-id=\"23df8a5\" data-element_type=\"section\" data-e-type=\"section\">\n\t\t\t\t\t\t\t<div class=\"elementor-background-overlay\"><\/div>\n\t\t\t\t\t\t\t<div class=\"elementor-container elementor-column-gap-default\">\n\t\t\t\t\t<div class=\"elementor-column elementor-col-100 elementor-top-column elementor-element elementor-element-1a11daf\" data-id=\"1a11daf\" data-element_type=\"column\" data-e-type=\"column\">\n\t\t\t<div class=\"elementor-widget-wrap elementor-element-populated\">\n\t\t\t\t\t\t<div class=\"elementor-element elementor-element-443f97c elementor-widget elementor-widget-heading\" data-id=\"443f97c\" data-element_type=\"widget\" data-e-type=\"widget\" data-settings=\"{&quot;_animation&quot;:&quot;none&quot;}\" data-widget_type=\"heading.default\">\n\t\t\t\t<div class=\"elementor-widget-container\">\n\t\t\t\t\t<h1 class=\"elementor-heading-title elementor-size-default\">Kontakt<\/h1>\t\t\t\t<\/div>\n\t\t\t\t<\/div>\n\t\t\t\t\t<\/div>\n\t\t<\/div>\n\t\t\t\t\t<\/div>\n\t\t<\/section>\n\t\t\t\t<section class=\"elementor-section elementor-top-section elementor-element elementor-element-c0a77b5 elementor-section-boxed elementor-section-height-default elementor-section-height-default\" data-id=\"c0a77b5\" data-element_type=\"section\" data-e-type=\"section\">\n\t\t\t\t\t\t<div class=\"elementor-container elementor-column-gap-default\">\n\t\t\t\t\t<div class=\"elementor-column elementor-col-100 elementor-top-column elementor-element elementor-element-5358aaf\" data-id=\"5358aaf\" data-element_type=\"column\" data-e-type=\"column\">\n\t\t\t<div class=\"elementor-widget-wrap elementor-element-populated\">\n\t\t\t\t\t\t<div class=\"elementor-element elementor-element-42f35bd elementor-widget elementor-widget-text-editor\" data-id=\"42f35bd\" data-element_type=\"widget\" data-e-type=\"widget\" data-widget_type=\"text-editor.default\">\n\t\t\t\t<div class=\"elementor-widget-container\">\n\t\t\t\t\t\t\t\t\t<article role=\"article\" data-history-node-id=\"19\">\n<p>Als Online Marketing Freelancer stehe ich Ihnen als Interim Manager, dauerhafte Affiliate Fachkraft oder Projekt Manager zur Umsetzung Ihrer internationalen Affiliate Aktivit\u00e4ten zur Verf\u00fcgung. Aber auch zur Ersteinrichtung und Betreuung ihrer kanal\u00fcbergreifenden Tracking L\u00f6sung von Ingenious Technologies.<\/p>\n<p>Kontakt:<br>E-Mail: service [@] freelance-marketeer.de<br>Telefon: +49 (89) 231 65 907<\/p>\n<\/article>\t\t\t\t\t\t\t\t<\/div>\n\t\t\t\t<\/div>\n\t\t\t\t\t<\/div>\n\t\t<\/div>\n\t\t\t\t\t<\/div>\n\t\t<\/section>\n\t\t\t\t<section class=\"elementor-section elementor-top-section elementor-element elementor-element-baee010 elementor-section-boxed elementor-section-height-default elementor-section-height-default\" data-id=\"baee010\" data-element_type=\"section\" data-e-type=\"section\" data-settings=\"{&quot;background_background&quot;:&quot;slideshow&quot;,&quot;background_slideshow_gallery&quot;:[],&quot;background_slideshow_loop&quot;:&quot;yes&quot;,&quot;background_slideshow_slide_duration&quot;:5000,&quot;background_slideshow_slide_transition&quot;:&quot;fade&quot;,&quot;background_slideshow_transition_duration&quot;:500}\">\n\t\t\t\t\t\t\t<div class=\"elementor-background-overlay\"><\/div>\n\t\t\t\t\t\t\t<div class=\"elementor-container elementor-column-gap-default\">\n\t\t\t\t\t<div class=\"elementor-column elementor-col-100 elementor-top-column elementor-element elementor-element-f315714\" data-id=\"f315714\" data-element_type=\"column\" data-e-type=\"column\">\n\t\t\t<div class=\"elementor-widget-wrap\">\n\t\t\t\t\t\t\t<\/div>\n\t\t<\/div>\n\t\t\t\t\t<\/div>\n\t\t<\/section>\n\t\t\t\t<\/div>\n\t\t","protected":false},"excerpt":{"rendered":"<p>Kontakt Als Online Marketing Freelancer stehe ich Ihnen als Interim Manager, dauerhafte Affiliate Fachkraft oder Projekt Manager zur Umsetzung Ihrer internationalen Affiliate Aktivit\u00e4ten zur Verf\u00fcgung. Aber auch zur Ersteinrichtung und Betreuung ihrer kanal\u00fcbergreifenden Tracking L\u00f6sung von Ingenious Technologies. Kontakt:E-Mail: service [@] freelance-marketeer.deTelefon: +49 (89) 231 65 907<\/p>\n","protected":false},"author":1,"featured_media":0,"parent":0,"menu_order":0,"comment_status":"closed","ping_status":"closed","template":"page-templates\/template-pagebuilder-full-width.php","meta":{"neve_meta_sidebar":"","neve_meta_container":"","neve_meta_enable_content_width":"","neve_meta_content_width":0,"neve_meta_title_alignment":"","neve_meta_author_avatar":"","neve_post_elements_order":"","neve_meta_disable_header":"","neve_meta_disable_footer":"","neve_meta_disable_title":"","_themeisle_gutenberg_block_has_review":false,"footnotes":""},"class_list":["post-331","page","type-page","status-publish","hentry"],"yoast_head":"<!-- This site is optimized with the Yoast SEO plugin v27.3 - https:\/\/yoast.com\/product\/yoast-seo-wordpress\/ -->\n<title>Kontakt - Online Marketing Freelancer<\/title>\n<meta name=\"description\" content=\"Kontakt Online Marketing Freelancer. Ich stehe als dauerhafte Affiliate Fachkraft oder Projekt Manager f\u00fcr Ingenious Technologies zur Verf\u00fcgung.\" \/>\n<meta name=\"robots\" content=\"noindex, follow, max-snippet:-1, max-image-preview:large, max-video-preview:-1\" \/>\n<meta property=\"og:locale\" content=\"en_GB\" \/>\n<meta property=\"og:type\" content=\"article\" \/>\n<meta property=\"og:title\" content=\"Kontakt - Online Marketing Freelancer\" \/>\n<meta property=\"og:description\" content=\"Kontakt Online Marketing Freelancer. Ich stehe als dauerhafte Affiliate Fachkraft oder Projekt Manager f\u00fcr Ingenious Technologies zur Verf\u00fcgung.\" \/>\n<meta property=\"og:url\" content=\"https:\/\/www.freelance-marketeer.de\/en\/kontakt-online-marketing-freelancer\/\" \/>\n<meta property=\"og:site_name\" content=\"freelance marketeer\" \/>\n<meta property=\"article:modified_time\" content=\"2022-03-23T17:00:35+00:00\" \/>\n<meta name=\"twitter:card\" content=\"summary_large_image\" \/>\n<meta name=\"twitter:label1\" content=\"Estimated reading time\" \/>\n\t<meta name=\"twitter:data1\" content=\"1 minute\" \/>\n<script type=\"application\/ld+json\" class=\"yoast-schema-graph\">{\"@context\":\"https:\\\/\\\/schema.org\",\"@graph\":[{\"@type\":\"WebPage\",\"@id\":\"https:\\\/\\\/www.freelance-marketeer.de\\\/kontakt-online-marketing-freelancer\",\"url\":\"https:\\\/\\\/www.freelance-marketeer.de\\\/kontakt-online-marketing-freelancer\",\"name\":\"Kontakt - Online Marketing Freelancer\",\"isPartOf\":{\"@id\":\"https:\\\/\\\/www.freelance-marketeer.de\\\/#website\"},\"datePublished\":\"2021-09-24T13:04:31+00:00\",\"dateModified\":\"2022-03-23T17:00:35+00:00\",\"description\":\"Kontakt Online Marketing Freelancer. Ich stehe als dauerhafte Affiliate Fachkraft oder Projekt Manager f\u00fcr Ingenious Technologies zur Verf\u00fcgung.\",\"breadcrumb\":{\"@id\":\"https:\\\/\\\/www.freelance-marketeer.de\\\/kontakt-online-marketing-freelancer#breadcrumb\"},\"inLanguage\":\"en-GB\",\"potentialAction\":[{\"@type\":\"ReadAction\",\"target\":[\"https:\\\/\\\/www.freelance-marketeer.de\\\/kontakt-online-marketing-freelancer\"]}]},{\"@type\":\"BreadcrumbList\",\"@id\":\"https:\\\/\\\/www.freelance-marketeer.de\\\/kontakt-online-marketing-freelancer#breadcrumb\",\"itemListElement\":[{\"@type\":\"ListItem\",\"position\":1,\"name\":\"Startseite\",\"item\":\"https:\\\/\\\/www.freelance-marketeer.de\\\/\"},{\"@type\":\"ListItem\",\"position\":2,\"name\":\"Kontakt\"}]},{\"@type\":\"WebSite\",\"@id\":\"https:\\\/\\\/www.freelance-marketeer.de\\\/#website\",\"url\":\"https:\\\/\\\/www.freelance-marketeer.de\\\/\",\"name\":\"freelance marketeer\",\"description\":\"\",\"potentialAction\":[{\"@type\":\"SearchAction\",\"target\":{\"@type\":\"EntryPoint\",\"urlTemplate\":\"https:\\\/\\\/www.freelance-marketeer.de\\\/?s={search_term_string}\"},\"query-input\":{\"@type\":\"PropertyValueSpecification\",\"valueRequired\":true,\"valueName\":\"search_term_string\"}}],\"inLanguage\":\"en-GB\"}]}<\/script>\n<!-- \/ Yoast SEO plugin. -->","yoast_head_json":{"title":"Kontakt - Online Marketing Freelancer","description":"Kontakt Online Marketing Freelancer. Ich stehe als dauerhafte Affiliate Fachkraft oder Projekt Manager f\u00fcr Ingenious Technologies zur Verf\u00fcgung.","robots":{"index":"noindex","follow":"follow","max-snippet":"max-snippet:-1","max-image-preview":"max-image-preview:large","max-video-preview":"max-video-preview:-1"},"og_locale":"en_GB","og_type":"article","og_title":"Kontakt - Online Marketing Freelancer","og_description":"Kontakt Online Marketing Freelancer. Ich stehe als dauerhafte Affiliate Fachkraft oder Projekt Manager f\u00fcr Ingenious Technologies zur Verf\u00fcgung.","og_url":"https:\/\/www.freelance-marketeer.de\/en\/kontakt-online-marketing-freelancer\/","og_site_name":"freelance marketeer","article_modified_time":"2022-03-23T17:00:35+00:00","twitter_card":"summary_large_image","twitter_misc":{"Estimated reading time":"1 minute"},"schema":{"@context":"https:\/\/schema.org","@graph":[{"@type":"WebPage","@id":"https:\/\/www.freelance-marketeer.de\/kontakt-online-marketing-freelancer","url":"https:\/\/www.freelance-marketeer.de\/kontakt-online-marketing-freelancer","name":"Kontakt - Online Marketing Freelancer","isPartOf":{"@id":"https:\/\/www.freelance-marketeer.de\/#website"},"datePublished":"2021-09-24T13:04:31+00:00","dateModified":"2022-03-23T17:00:35+00:00","description":"Kontakt Online Marketing Freelancer. Ich stehe als dauerhafte Affiliate Fachkraft oder Projekt Manager f\u00fcr Ingenious Technologies zur Verf\u00fcgung.","breadcrumb":{"@id":"https:\/\/www.freelance-marketeer.de\/kontakt-online-marketing-freelancer#breadcrumb"},"inLanguage":"en-GB","potentialAction":[{"@type":"ReadAction","target":["https:\/\/www.freelance-marketeer.de\/kontakt-online-marketing-freelancer"]}]},{"@type":"BreadcrumbList","@id":"https:\/\/www.freelance-marketeer.de\/kontakt-online-marketing-freelancer#breadcrumb","itemListElement":[{"@type":"ListItem","position":1,"name":"Startseite","item":"https:\/\/www.freelance-marketeer.de\/"},{"@type":"ListItem","position":2,"name":"Kontakt"}]},{"@type":"WebSite","@id":"https:\/\/www.freelance-marketeer.de\/#website","url":"https:\/\/www.freelance-marketeer.de\/","name":"freelance marketeer","description":"","potentialAction":[{"@type":"SearchAction","target":{"@type":"EntryPoint","urlTemplate":"https:\/\/www.freelance-marketeer.de\/?s={search_term_string}"},"query-input":{"@type":"PropertyValueSpecification","valueRequired":true,"valueName":"search_term_string"}}],"inLanguage":"en-GB"}]}},"_links":{"self":[{"href":"https:\/\/www.freelance-marketeer.de\/en\/wp-json\/wp\/v2\/pages\/331","targetHints":{"allow":["GET"]}}],"collection":[{"href":"https:\/\/www.freelance-marketeer.de\/en\/wp-json\/wp\/v2\/pages"}],"about":[{"href":"https:\/\/www.freelance-marketeer.de\/en\/wp-json\/wp\/v2\/types\/page"}],"author":[{"embeddable":true,"href":"https:\/\/www.freelance-marketeer.de\/en\/wp-json\/wp\/v2\/users\/1"}],"replies":[{"embeddable":true,"href":"https:\/\/www.freelance-marketeer.de\/en\/wp-json\/wp\/v2\/comments?post=331"}],"version-history":[{"count":96,"href":"https:\/\/www.freelance-marketeer.de\/en\/wp-json\/wp\/v2\/pages\/331\/revisions"}],"predecessor-version":[{"id":1619,"href":"https:\/\/www.freelance-marketeer.de\/en\/wp-json\/wp\/v2\/pages\/331\/revisions\/1619"}],"wp:attachment":[{"href":"https:\/\/www.freelance-marketeer.de\/en\/wp-json\/wp\/v2\/media?parent=331"}],"curies":[{"name":"wp","href":"https:\/\/api.w.org\/{rel}","templated":true}]}}