{"id":15,"date":"2021-07-19T09:02:14","date_gmt":"2021-07-19T09:02:14","guid":{"rendered":"http:\/\/freelance-marketeer.de\/?page_id=15"},"modified":"2022-10-31T17:44:58","modified_gmt":"2022-10-31T16:44:58","slug":"impressum","status":"publish","type":"page","link":"https:\/\/www.freelance-marketeer.de\/en\/impressum","title":{"rendered":"Imprint"},"content":{"rendered":"<div data-elementor-type=\"wp-page\" data-elementor-id=\"15\" class=\"elementor elementor-15\">\n\t\t\t\t\t\t<section class=\"elementor-section elementor-top-section elementor-element elementor-element-68ba9e2 elementor-section-boxed elementor-section-height-default elementor-section-height-default\" data-id=\"68ba9e2\" data-element_type=\"section\" data-e-type=\"section\">\n\t\t\t\t\t\t<div class=\"elementor-container elementor-column-gap-default\">\n\t\t\t\t\t<div class=\"elementor-column elementor-col-100 elementor-top-column elementor-element elementor-element-220b6b2\" data-id=\"220b6b2\" data-element_type=\"column\" data-e-type=\"column\">\n\t\t\t<div class=\"elementor-widget-wrap elementor-element-populated\">\n\t\t\t\t\t\t<div class=\"elementor-element elementor-element-b0c5cc8 elementor-widget elementor-widget-text-editor\" data-id=\"b0c5cc8\" data-element_type=\"widget\" data-e-type=\"widget\" data-widget_type=\"text-editor.default\">\n\t\t\t\t<div class=\"elementor-widget-container\">\n\t\t\t\t\t\t\t\t\t<h2><strong>Information according to TTDSG<\/strong><\/h2><p><strong>Der inhaltlich Verantwortliche im Impressum<\/strong>:<\/p><p>Bj\u00f6rn Klein (Einzelunternehmer)<\/p><p>Bj\u00f6rn Klein<br \/>Tegernseer Landstra\u00dfe 14<br \/>81541 M\u00fcnchen<\/p><p>PO Box: 140145<br \/>80451 Munich<\/p><p><strong>contact<\/strong><br \/>Phone: +49 (89) 231 65 907<br \/>Mail: service@freelance-marketeer.de<\/p><p><strong>Sales tax identification number according to \u00a7 27 a Umsatzsteuergesetz:<br \/><\/strong>DE349278866<\/p><p><strong>Please send letters requiring a summonable address directly to:<br \/><\/strong>Attorney Philipp Johannes Lingmann<br \/>Mainzer Stra\u00dfe 23<br \/>10247 Berlin<\/p>\t\t\t\t\t\t\t\t<\/div>\n\t\t\t\t<\/div>\n\t\t\t\t\t<\/div>\n\t\t<\/div>\n\t\t\t\t\t<\/div>\n\t\t<\/section>\n\t\t\t\t<\/div>","protected":false},"excerpt":{"rendered":"<p>Angaben gem\u00e4\u00df TTDSG Der inhaltlich Verantwortliche im Impressum: Bj\u00f6rn Klein (Einzelunternehmer) Bj\u00f6rn KleinTegernseer Landstra\u00dfe 1481541 M\u00fcnchen Postfach: 14014580451 M\u00fcnchen Kontakt:Telefon: +49 (89) 231 65 907E-Mail: service@freelance-marketeer.de Umsatzsteuer-Identifikationsnummer gem\u00e4\u00df \u00a7 27 a Umsatzsteuergesetz:DE349278866 Briefe die eine ladungsf\u00e4hige Anschrift erfordern gehen bitte direkt an:Rechtsanwalt Philipp Johannes LingmannMainzer Stra\u00dfe 2310247 Berlin<\/p>","protected":false},"author":1,"featured_media":0,"parent":0,"menu_order":0,"comment_status":"closed","ping_status":"closed","template":"","meta":{"neve_meta_sidebar":"","neve_meta_container":"","neve_meta_enable_content_width":"","neve_meta_content_width":0,"neve_meta_title_alignment":"","neve_meta_author_avatar":"","neve_post_elements_order":"","neve_meta_disable_header":"","neve_meta_disable_footer":"","neve_meta_disable_title":"","_themeisle_gutenberg_block_has_review":false,"footnotes":""},"class_list":["post-15","page","type-page","status-publish","hentry"],"yoast_head":"<!-- This site is optimized with the Yoast SEO plugin v27.3 - https:\/\/yoast.com\/product\/yoast-seo-wordpress\/ -->\n<title>Impressum - freelance marketeer<\/title>\n<meta name=\"description\" content=\"Impressum (freelance marketeer TTDSG Angaben). Online Marketing Freelancer f\u00fcr international Affiliate und Ingenious Technologies.\" \/>\n<meta name=\"robots\" content=\"noindex, follow, max-snippet:-1, max-image-preview:large, max-video-preview:-1\" \/>\n<meta property=\"og:locale\" content=\"en_GB\" \/>\n<meta property=\"og:type\" content=\"article\" \/>\n<meta property=\"og:title\" content=\"Impressum - freelance marketeer\" \/>\n<meta property=\"og:description\" content=\"Impressum (freelance marketeer TTDSG Angaben). Online Marketing Freelancer f\u00fcr international Affiliate und Ingenious Technologies.\" \/>\n<meta property=\"og:url\" content=\"https:\/\/www.freelance-marketeer.de\/en\/impressum\/\" \/>\n<meta property=\"og:site_name\" content=\"freelance marketeer\" \/>\n<meta property=\"article:modified_time\" content=\"2022-10-31T16:44:58+00:00\" \/>\n<meta name=\"twitter:card\" content=\"summary_large_image\" \/>\n<meta name=\"twitter:label1\" content=\"Estimated reading time\" \/>\n\t<meta name=\"twitter:data1\" content=\"1 minute\" \/>\n<script type=\"application\/ld+json\" class=\"yoast-schema-graph\">{\"@context\":\"https:\\\/\\\/schema.org\",\"@graph\":[{\"@type\":\"WebPage\",\"@id\":\"https:\\\/\\\/www.freelance-marketeer.de\\\/impressum\",\"url\":\"https:\\\/\\\/www.freelance-marketeer.de\\\/impressum\",\"name\":\"Impressum - freelance marketeer\",\"isPartOf\":{\"@id\":\"https:\\\/\\\/www.freelance-marketeer.de\\\/#website\"},\"datePublished\":\"2021-07-19T09:02:14+00:00\",\"dateModified\":\"2022-10-31T16:44:58+00:00\",\"description\":\"Impressum (freelance marketeer TTDSG Angaben). Online Marketing Freelancer f\u00fcr international Affiliate und Ingenious Technologies.\",\"breadcrumb\":{\"@id\":\"https:\\\/\\\/www.freelance-marketeer.de\\\/impressum#breadcrumb\"},\"inLanguage\":\"en-GB\",\"potentialAction\":[{\"@type\":\"ReadAction\",\"target\":[\"https:\\\/\\\/www.freelance-marketeer.de\\\/impressum\"]}]},{\"@type\":\"BreadcrumbList\",\"@id\":\"https:\\\/\\\/www.freelance-marketeer.de\\\/impressum#breadcrumb\",\"itemListElement\":[{\"@type\":\"ListItem\",\"position\":1,\"name\":\"Startseite\",\"item\":\"https:\\\/\\\/www.freelance-marketeer.de\\\/\"},{\"@type\":\"ListItem\",\"position\":2,\"name\":\"Impressum\"}]},{\"@type\":\"WebSite\",\"@id\":\"https:\\\/\\\/www.freelance-marketeer.de\\\/#website\",\"url\":\"https:\\\/\\\/www.freelance-marketeer.de\\\/\",\"name\":\"freelance marketeer\",\"description\":\"\",\"potentialAction\":[{\"@type\":\"SearchAction\",\"target\":{\"@type\":\"EntryPoint\",\"urlTemplate\":\"https:\\\/\\\/www.freelance-marketeer.de\\\/?s={search_term_string}\"},\"query-input\":{\"@type\":\"PropertyValueSpecification\",\"valueRequired\":true,\"valueName\":\"search_term_string\"}}],\"inLanguage\":\"en-GB\"}]}<\/script>\n<!-- \/ Yoast SEO plugin. -->","yoast_head_json":{"title":"Impressum - freelance marketeer","description":"Impressum (freelance marketeer TTDSG Angaben). Online Marketing Freelancer f\u00fcr international Affiliate und Ingenious Technologies.","robots":{"index":"noindex","follow":"follow","max-snippet":"max-snippet:-1","max-image-preview":"max-image-preview:large","max-video-preview":"max-video-preview:-1"},"og_locale":"en_GB","og_type":"article","og_title":"Impressum - freelance marketeer","og_description":"Impressum (freelance marketeer TTDSG Angaben). Online Marketing Freelancer f\u00fcr international Affiliate und Ingenious Technologies.","og_url":"https:\/\/www.freelance-marketeer.de\/en\/impressum\/","og_site_name":"freelance marketeer","article_modified_time":"2022-10-31T16:44:58+00:00","twitter_card":"summary_large_image","twitter_misc":{"Estimated reading time":"1 minute"},"schema":{"@context":"https:\/\/schema.org","@graph":[{"@type":"WebPage","@id":"https:\/\/www.freelance-marketeer.de\/impressum","url":"https:\/\/www.freelance-marketeer.de\/impressum","name":"Impressum - freelance marketeer","isPartOf":{"@id":"https:\/\/www.freelance-marketeer.de\/#website"},"datePublished":"2021-07-19T09:02:14+00:00","dateModified":"2022-10-31T16:44:58+00:00","description":"Impressum (freelance marketeer TTDSG Angaben). Online Marketing Freelancer f\u00fcr international Affiliate und Ingenious Technologies.","breadcrumb":{"@id":"https:\/\/www.freelance-marketeer.de\/impressum#breadcrumb"},"inLanguage":"en-GB","potentialAction":[{"@type":"ReadAction","target":["https:\/\/www.freelance-marketeer.de\/impressum"]}]},{"@type":"BreadcrumbList","@id":"https:\/\/www.freelance-marketeer.de\/impressum#breadcrumb","itemListElement":[{"@type":"ListItem","position":1,"name":"Startseite","item":"https:\/\/www.freelance-marketeer.de\/"},{"@type":"ListItem","position":2,"name":"Impressum"}]},{"@type":"WebSite","@id":"https:\/\/www.freelance-marketeer.de\/#website","url":"https:\/\/www.freelance-marketeer.de\/","name":"freelance marketeer","description":"","potentialAction":[{"@type":"SearchAction","target":{"@type":"EntryPoint","urlTemplate":"https:\/\/www.freelance-marketeer.de\/?s={search_term_string}"},"query-input":{"@type":"PropertyValueSpecification","valueRequired":true,"valueName":"search_term_string"}}],"inLanguage":"en-GB"}]}},"_links":{"self":[{"href":"https:\/\/www.freelance-marketeer.de\/en\/wp-json\/wp\/v2\/pages\/15","targetHints":{"allow":["GET"]}}],"collection":[{"href":"https:\/\/www.freelance-marketeer.de\/en\/wp-json\/wp\/v2\/pages"}],"about":[{"href":"https:\/\/www.freelance-marketeer.de\/en\/wp-json\/wp\/v2\/types\/page"}],"author":[{"embeddable":true,"href":"https:\/\/www.freelance-marketeer.de\/en\/wp-json\/wp\/v2\/users\/1"}],"replies":[{"embeddable":true,"href":"https:\/\/www.freelance-marketeer.de\/en\/wp-json\/wp\/v2\/comments?post=15"}],"version-history":[{"count":36,"href":"https:\/\/www.freelance-marketeer.de\/en\/wp-json\/wp\/v2\/pages\/15\/revisions"}],"predecessor-version":[{"id":1653,"href":"https:\/\/www.freelance-marketeer.de\/en\/wp-json\/wp\/v2\/pages\/15\/revisions\/1653"}],"wp:attachment":[{"href":"https:\/\/www.freelance-marketeer.de\/en\/wp-json\/wp\/v2\/media?parent=15"}],"curies":[{"name":"wp","href":"https:\/\/api.w.org\/{rel}","templated":true}]}}